{"id":894,"date":"2018-12-23T11:49:16","date_gmt":"2018-12-23T10:49:16","guid":{"rendered":"https:\/\/www.eeas.at\/?page_id=894"},"modified":"2019-01-09T17:56:54","modified_gmt":"2019-01-09T16:56:54","slug":"signalhil","status":"publish","type":"page","link":"https:\/\/www.eeas.at\/en\/signalhil\/","title":{"rendered":"signalhil"},"content":{"rendered":"<section class=\"wpb-content-wrapper\"><p>[vc_row css=&#8221;.vc_custom_1517221928484{padding-bottom: 0px !important;}&#8221;][vc_column width=&#8221;1\/2&#8243;][vc_column_text el_class=&#8221;nomobile-spacer-1&#8243;]<\/p>\n<h1>signalhil<br \/>\n<span class=\"eeas-light\">Testsystem for embedded-development<\/span><\/h1>\n<p>[\/vc_column_text][\/vc_column][vc_column width=&#8221;1\/2&#8243;][vc_single_image image=&#8221;876&#8243; img_size=&#8221;full&#8221; alignment=&#8221;center&#8221;][\/vc_column][\/vc_row][vc_row css=&#8221;.vc_custom_1517221894924{padding-top: 0px !important;}&#8221;][vc_column width=&#8221;5\/6&#8243;][vc_column_text css=&#8221;.vc_custom_1547053007474{padding-top: 40px !important;}&#8221;]Thanks to its flexible I\/O groups, the signalhil can be connected directly to pins of controller demo boards. The high number of universal and fast interfaces allows the stimulation and measurement of different I\/O signals.<\/p>\n<p>Each FLEXIO-Pin of the I\/O groups can be configured differently:<\/p>\n<ul class=\"disc\">\n<li>analog signal<\/li>\n<li>static I\/O Signal<\/li>\n<li>dynamic output signal (e.g. simulation of SPI-signals, generation of Arbitrary-signals)<\/li>\n<li>dynamic input signal (e.g. measurement of PWM-signals, record if signal patterns )<\/li>\n<\/ul>\n<p>[\/vc_column_text][\/vc_column][vc_column width=&#8221;1\/6&#8243;][\/vc_column][\/vc_row][vc_row background_style=&#8221;image-left&#8221; el_class=&#8221;dark-wrapper&#8221; css=&#8221;.vc_custom_1517222071281{background-image: url(https:\/\/www.eeas.at\/wp-eeas\/wp-content\/uploads\/2018\/01\/DSCF8361@03x.png?id=655) !important;}&#8221;][vc_column][vc_column_text]<\/p>\n<h2 class=\"eeas-light\">features<\/h2>\n<ul class=\"disc\">\n<li>Realized with powerful SoC (Intel FPGA mit ARM Cortex-A9)<\/li>\n<li>Generation of analog and digital signals<\/li>\n<li>Measurement of digital signals<\/li>\n<li>Various interfaces (CAN FD, Ethernet, USB)<\/li>\n<li>Python-Framework for controlling and evaluation<\/li>\n<li>Python-Framework for integration into a test system<\/li>\n<\/ul>\n<p>[\/vc_column_text][\/vc_column][\/vc_row][vc_row css=&#8221;.vc_custom_1517229150464{padding-top: 20px !important;padding-bottom: 0px !important;}&#8221;][vc_column][vc_column_text css=&#8221;.vc_custom_1545561857768{padding-top: 40px !important;}&#8221;]<\/p>\n<h2 style=\"text-align: center;\">technical data<\/h2>\n<p>[\/vc_column_text][\/vc_column][\/vc_row][vc_row css=&#8221;.vc_custom_1517229160071{padding-top: 15px !important;padding-bottom: 20px !important;}&#8221;][vc_column width=&#8221;1\/3&#8243; offset=&#8221;vc_hidden-sm vc_hidden-xs&#8221;][vc_column_text css_animation=&#8221;none&#8221;]<\/p>\n<table class=\"eeas-light\" width=\"100%\">\n<thead>\n<tr>\n<th scope=\"row\"><span style=\"color: #ffffff;\">.<\/span><\/th>\n<\/tr>\n<\/thead>\n<tbody>\n<tr>\n<th scope=\"row\">Power supply<\/th>\n<\/tr>\n<tr>\n<th scope=\"row\">Interfaces<\/th>\n<\/tr>\n<tr>\n<th scope=\"row\">CAN FD-Interfaces<\/th>\n<\/tr>\n<tr>\n<th scope=\"row\">FLEXIO-Pins<\/th>\n<\/tr>\n<\/tbody>\n<\/table>\n<p>[\/vc_column_text][\/vc_column][vc_column width=&#8221;1\/3&#8243; offset=&#8221;vc_hidden-sm vc_hidden-xs&#8221;][vc_column_text css_animation=&#8221;none&#8221;]<\/p>\n<table width=\"100%\">\n<thead>\n<tr>\n<th class=\"eeas-light\">signalhil<\/th>\n<\/tr>\n<\/thead>\n<tbody>\n<tr>\n<td width=\"33%\">12V<\/td>\n<\/tr>\n<tr>\n<td>1x Ethernet, 2x USB<\/td>\n<\/tr>\n<tr>\n<td>2<\/td>\n<\/tr>\n<tr>\n<td>96 (12 groups each 8 Pins)<\/td>\n<\/tr>\n<\/tbody>\n<\/table>\n<p>[\/vc_column_text][\/vc_column][vc_column width=&#8221;1\/3&#8243; offset=&#8221;vc_hidden-sm vc_col-xs-6 vc_hidden-xs&#8221; css=&#8221;.vc_custom_1545341917229{padding-top: 10px !important;}&#8221;][vc_single_image image=&#8221;874&#8243; img_size=&#8221;medium&#8221; onclick=&#8221;link_image&#8221;][\/vc_column][\/vc_row]<\/p>\n<\/section>","protected":false},"excerpt":{"rendered":"<p>[vc_row css=&#8221;.vc_custom_1517221928484{padding-bottom: 0px !important;}&#8221;][vc_column width=&#8221;1\/2&#8243;][vc_column_text el_class=&#8221;nomobile-spacer-1&#8243;] signalhil Testsystem for embedded-development [\/vc_column_text][\/vc_column][vc_column width=&#8221;1\/2&#8243;][vc_single_image image=&#8221;876&#8243; img_size=&#8221;full&#8221; alignment=&#8221;center&#8221;][\/vc_column][\/vc_row][vc_row&#8230;<\/p>\n","protected":false},"author":3,"featured_media":0,"parent":0,"menu_order":0,"comment_status":"closed","ping_status":"closed","template":"","meta":{"_monsterinsights_skip_tracking":false,"_monsterinsights_sitenote_active":false,"_monsterinsights_sitenote_note":"","_monsterinsights_sitenote_category":0,"footnotes":""},"class_list":["post-894","page","type-page","status-publish","hentry"],"yoast_head":"<!-- This site is optimized with the Yoast SEO plugin v27.3 - https:\/\/yoast.com\/product\/yoast-seo-wordpress\/ -->\n<title>signalhil | eeas<\/title>\n<meta name=\"description\" content=\"eeMiniHil - Testsystem f\u00fcr Embedded-Steuerger\u00e4te eeMiniHil ist eine modulare Produktgruppe f\u00fcr Testanwendungen in der Embedded-Entwicklung.\" \/>\n<meta name=\"robots\" content=\"index, follow, max-snippet:-1, max-image-preview:large, max-video-preview:-1\" \/>\n<link rel=\"canonical\" href=\"https:\/\/www.eeas.at\/en\/signalhil\/\" \/>\n<meta property=\"og:locale\" content=\"en_US\" \/>\n<meta property=\"og:type\" content=\"article\" \/>\n<meta property=\"og:title\" content=\"signalhil | eeas\" \/>\n<meta property=\"og:description\" content=\"eeMiniHil - Testsystem f\u00fcr Embedded-Steuerger\u00e4te eeMiniHil ist eine modulare Produktgruppe f\u00fcr Testanwendungen in der Embedded-Entwicklung.\" \/>\n<meta property=\"og:url\" content=\"https:\/\/www.eeas.at\/en\/signalhil\/\" \/>\n<meta property=\"og:site_name\" content=\"eeas\" \/>\n<meta property=\"article:modified_time\" content=\"2019-01-09T16:56:54+00:00\" \/>\n<meta name=\"twitter:card\" content=\"summary_large_image\" \/>\n<meta name=\"twitter:label1\" content=\"Est. reading time\" \/>\n\t<meta name=\"twitter:data1\" content=\"2 minutes\" \/>\n<script type=\"application\/ld+json\" class=\"yoast-schema-graph\">{\"@context\":\"https:\\\/\\\/schema.org\",\"@graph\":[{\"@type\":\"WebPage\",\"@id\":\"https:\\\/\\\/www.eeas.at\\\/en\\\/signalhil\\\/\",\"url\":\"https:\\\/\\\/www.eeas.at\\\/en\\\/signalhil\\\/\",\"name\":\"signalhil | eeas\",\"isPartOf\":{\"@id\":\"https:\\\/\\\/www.eeas.at\\\/#website\"},\"datePublished\":\"2018-12-23T10:49:16+00:00\",\"dateModified\":\"2019-01-09T16:56:54+00:00\",\"description\":\"eeMiniHil - Testsystem f\u00fcr Embedded-Steuerger\u00e4te eeMiniHil ist eine modulare Produktgruppe f\u00fcr Testanwendungen in der Embedded-Entwicklung.\",\"breadcrumb\":{\"@id\":\"https:\\\/\\\/www.eeas.at\\\/en\\\/signalhil\\\/#breadcrumb\"},\"inLanguage\":\"en-US\",\"potentialAction\":[{\"@type\":\"ReadAction\",\"target\":[\"https:\\\/\\\/www.eeas.at\\\/en\\\/signalhil\\\/\"]}]},{\"@type\":\"BreadcrumbList\",\"@id\":\"https:\\\/\\\/www.eeas.at\\\/en\\\/signalhil\\\/#breadcrumb\",\"itemListElement\":[{\"@type\":\"ListItem\",\"position\":1,\"name\":\"Home\",\"item\":\"https:\\\/\\\/www.eeas.at\\\/en\\\/\"},{\"@type\":\"ListItem\",\"position\":2,\"name\":\"signalhil\"}]},{\"@type\":\"WebSite\",\"@id\":\"https:\\\/\\\/www.eeas.at\\\/#website\",\"url\":\"https:\\\/\\\/www.eeas.at\\\/\",\"name\":\"eeas\",\"description\":\"embedded engineering automotive solutions\",\"publisher\":{\"@id\":\"https:\\\/\\\/www.eeas.at\\\/#organization\"},\"potentialAction\":[{\"@type\":\"SearchAction\",\"target\":{\"@type\":\"EntryPoint\",\"urlTemplate\":\"https:\\\/\\\/www.eeas.at\\\/?s={search_term_string}\"},\"query-input\":{\"@type\":\"PropertyValueSpecification\",\"valueRequired\":true,\"valueName\":\"search_term_string\"}}],\"inLanguage\":\"en-US\"},{\"@type\":\"Organization\",\"@id\":\"https:\\\/\\\/www.eeas.at\\\/#organization\",\"name\":\"eeas gmbh\",\"url\":\"https:\\\/\\\/www.eeas.at\\\/\",\"logo\":{\"@type\":\"ImageObject\",\"inLanguage\":\"en-US\",\"@id\":\"https:\\\/\\\/www.eeas.at\\\/#\\\/schema\\\/logo\\\/image\\\/\",\"url\":\"https:\\\/\\\/www.eeas.at\\\/wp-eeas\\\/wp-content\\\/uploads\\\/2015\\\/04\\\/eeas-logo-84.png\",\"contentUrl\":\"https:\\\/\\\/www.eeas.at\\\/wp-eeas\\\/wp-content\\\/uploads\\\/2015\\\/04\\\/eeas-logo-84.png\",\"width\":274,\"height\":84,\"caption\":\"eeas gmbh\"},\"image\":{\"@id\":\"https:\\\/\\\/www.eeas.at\\\/#\\\/schema\\\/logo\\\/image\\\/\"}}]}<\/script>\n<!-- \/ Yoast SEO plugin. -->","yoast_head_json":{"title":"signalhil | eeas","description":"eeMiniHil - Testsystem f\u00fcr Embedded-Steuerger\u00e4te eeMiniHil ist eine modulare Produktgruppe f\u00fcr Testanwendungen in der Embedded-Entwicklung.","robots":{"index":"index","follow":"follow","max-snippet":"max-snippet:-1","max-image-preview":"max-image-preview:large","max-video-preview":"max-video-preview:-1"},"canonical":"https:\/\/www.eeas.at\/en\/signalhil\/","og_locale":"en_US","og_type":"article","og_title":"signalhil | eeas","og_description":"eeMiniHil - Testsystem f\u00fcr Embedded-Steuerger\u00e4te eeMiniHil ist eine modulare Produktgruppe f\u00fcr Testanwendungen in der Embedded-Entwicklung.","og_url":"https:\/\/www.eeas.at\/en\/signalhil\/","og_site_name":"eeas","article_modified_time":"2019-01-09T16:56:54+00:00","twitter_card":"summary_large_image","twitter_misc":{"Est. reading time":"2 minutes"},"schema":{"@context":"https:\/\/schema.org","@graph":[{"@type":"WebPage","@id":"https:\/\/www.eeas.at\/en\/signalhil\/","url":"https:\/\/www.eeas.at\/en\/signalhil\/","name":"signalhil | eeas","isPartOf":{"@id":"https:\/\/www.eeas.at\/#website"},"datePublished":"2018-12-23T10:49:16+00:00","dateModified":"2019-01-09T16:56:54+00:00","description":"eeMiniHil - Testsystem f\u00fcr Embedded-Steuerger\u00e4te eeMiniHil ist eine modulare Produktgruppe f\u00fcr Testanwendungen in der Embedded-Entwicklung.","breadcrumb":{"@id":"https:\/\/www.eeas.at\/en\/signalhil\/#breadcrumb"},"inLanguage":"en-US","potentialAction":[{"@type":"ReadAction","target":["https:\/\/www.eeas.at\/en\/signalhil\/"]}]},{"@type":"BreadcrumbList","@id":"https:\/\/www.eeas.at\/en\/signalhil\/#breadcrumb","itemListElement":[{"@type":"ListItem","position":1,"name":"Home","item":"https:\/\/www.eeas.at\/en\/"},{"@type":"ListItem","position":2,"name":"signalhil"}]},{"@type":"WebSite","@id":"https:\/\/www.eeas.at\/#website","url":"https:\/\/www.eeas.at\/","name":"eeas","description":"embedded engineering automotive solutions","publisher":{"@id":"https:\/\/www.eeas.at\/#organization"},"potentialAction":[{"@type":"SearchAction","target":{"@type":"EntryPoint","urlTemplate":"https:\/\/www.eeas.at\/?s={search_term_string}"},"query-input":{"@type":"PropertyValueSpecification","valueRequired":true,"valueName":"search_term_string"}}],"inLanguage":"en-US"},{"@type":"Organization","@id":"https:\/\/www.eeas.at\/#organization","name":"eeas gmbh","url":"https:\/\/www.eeas.at\/","logo":{"@type":"ImageObject","inLanguage":"en-US","@id":"https:\/\/www.eeas.at\/#\/schema\/logo\/image\/","url":"https:\/\/www.eeas.at\/wp-eeas\/wp-content\/uploads\/2015\/04\/eeas-logo-84.png","contentUrl":"https:\/\/www.eeas.at\/wp-eeas\/wp-content\/uploads\/2015\/04\/eeas-logo-84.png","width":274,"height":84,"caption":"eeas gmbh"},"image":{"@id":"https:\/\/www.eeas.at\/#\/schema\/logo\/image\/"}}]}},"_links":{"self":[{"href":"https:\/\/www.eeas.at\/en\/wp-json\/wp\/v2\/pages\/894","targetHints":{"allow":["GET"]}}],"collection":[{"href":"https:\/\/www.eeas.at\/en\/wp-json\/wp\/v2\/pages"}],"about":[{"href":"https:\/\/www.eeas.at\/en\/wp-json\/wp\/v2\/types\/page"}],"author":[{"embeddable":true,"href":"https:\/\/www.eeas.at\/en\/wp-json\/wp\/v2\/users\/3"}],"replies":[{"embeddable":true,"href":"https:\/\/www.eeas.at\/en\/wp-json\/wp\/v2\/comments?post=894"}],"version-history":[{"count":5,"href":"https:\/\/www.eeas.at\/en\/wp-json\/wp\/v2\/pages\/894\/revisions"}],"predecessor-version":[{"id":1032,"href":"https:\/\/www.eeas.at\/en\/wp-json\/wp\/v2\/pages\/894\/revisions\/1032"}],"wp:attachment":[{"href":"https:\/\/www.eeas.at\/en\/wp-json\/wp\/v2\/media?parent=894"}],"curies":[{"name":"wp","href":"https:\/\/api.w.org\/{rel}","templated":true}]}}